{"id":3944,"date":"2025-02-17T22:42:10","date_gmt":"2025-02-17T22:42:10","guid":{"rendered":"https:\/\/tenerifedreamboats.com\/?page_id=3944"},"modified":"2025-03-11T11:25:29","modified_gmt":"2025-03-11T11:25:29","slug":"metodo-de-pago","status":"publish","type":"page","link":"https:\/\/tenerifedreamboats.com\/en\/metodo-de-pago\/","title":{"rendered":"Metodo de pago"},"content":{"rendered":"<div class=\"wp-block-stackable-columns stk-block-columns stk-block stk-e9f2810\" data-block-id=\"e9f2810\"><div class=\"stk-row stk-inner-blocks stk-block-content stk-content-align stk-e9f2810-column\">\n<div class=\"wp-block-stackable-column stk-block-column stk-column stk-block stk-11f8e5a\" data-v=\"4\" data-block-id=\"11f8e5a\"><div class=\"stk-column-wrapper stk-block-column__content stk-container stk-11f8e5a-container stk--no-background stk--no-padding\"><div class=\"stk-block-content stk-inner-blocks stk-11f8e5a-inner-blocks\">\n<div class=\"wp-block-stackable-columns stk-block-columns stk-block stk-f0e35a0\" data-block-id=\"f0e35a0\"><div class=\"stk-row stk-inner-blocks stk-block-content stk-content-align stk-f0e35a0-column\">\n<div class=\"wp-block-stackable-column stk-block-column stk-column stk-block stk-4836ae0\" data-v=\"4\" data-block-id=\"4836ae0\"><div class=\"stk-column-wrapper stk-block-column__content stk-container stk-4836ae0-container stk--no-background stk--no-padding\"><div class=\"stk-block-content stk-inner-blocks stk-4836ae0-inner-blocks\">\n<div class=\"wp-block-stackable-heading stk-block-heading stk-block-heading--v2 stk-block stk-f20a1cc\" id=\"t\" data-block-id=\"f20a1cc\"><h2 class=\"stk-block-heading__text\">Methods of payment<\/h2><\/div>\n<\/div><\/div><\/div>\n<\/div><\/div>\n<\/div><\/div><\/div>\n<\/div><\/div>\n\n\n\n<div class=\"wp-block-stackable-columns stk-block-columns stk-block stk-85be686\" data-block-id=\"85be686\"><div class=\"stk-row stk-inner-blocks stk-block-content stk-content-align stk-85be686-column\">\n<div class=\"wp-block-stackable-column stk-block-column stk-column stk-block stk-a0f3a5c\" data-v=\"4\" data-block-id=\"a0f3a5c\"><style>@media screen and (min-width:690px){.stk-a0f3a5c {flex:var(--stk-flex-grow, 1) 1 calc(40.5% - var(--stk-column-gap, 0px) * 1 \/ 2 ) !important;}}<\/style><div class=\"stk-column-wrapper stk-block-column__content stk-container stk-a0f3a5c-container stk--no-background stk--no-padding\"><div class=\"stk-block-content stk-inner-blocks stk-a0f3a5c-inner-blocks\">\n<p><strong>Methods of payment:<\/strong><\/p>\n\n\n\n<ol class=\"wp-block-list\">\n<li>PayPal Platform<\/li>\n\n\n\n<li>Bank transfer<\/li>\n\n\n\n<li>Transfer by Bizum<\/li>\n<\/ol>\n<\/div><\/div><\/div>\n\n\n\n<div class=\"wp-block-stackable-column stk-block-column stk-column stk-block stk-148c0dc\" data-v=\"4\" data-block-id=\"148c0dc\"><style>@media screen and (min-width:690px){.stk-148c0dc {flex:var(--stk-flex-grow, 1) 1 calc(59.5% - var(--stk-column-gap, 0px) * 1 \/ 2 ) !important;}}<\/style><div class=\"stk-column-wrapper stk-block-column__content stk-container stk-148c0dc-container stk--no-background stk--no-padding\"><div class=\"stk-block-content stk-inner-blocks stk-148c0dc-inner-blocks\">\n<div class=\"wp-block-stackable-text stk-block-text stk-block stk-b6201c2\" data-block-id=\"b6201c2\"><style>.stk-b6201c2 .stk-block-text__text{font-size:20px !important;}@media screen and (max-width:999px){.stk-b6201c2 .stk-block-text__text{font-size:20px !important;}}<\/style><p class=\"stk-block-text__text has-text-align-center\"><strong>Contact us for an easier and more secure way to pay for your booking.<\/strong><\/p><\/div>\n\n\n\n<div class=\"wp-block-jetpack-contact-info\">\n<div class=\"wp-block-jetpack-email\">E-mail: <a href=\"mailto:info@tenerifedramboats.com\">info@tenerifedramboats.com<\/a><\/div>\n\n\n\n<div class=\"wp-block-jetpack-phone\"><span class=\"phone-prefix\">M\u00f3vil :<\/span><a href=\"tel:+34639581053\">+34 639 58 10 53<\/a><\/div>\n<\/div>\n\n\n\n<div class=\"wp-block-jetpack-send-a-message\">\n<div class=\"wp-block-jetpack-whatsapp-button is-color-dark\"><a class=\"whatsapp-block__button\" href=\"https:\/\/api.whatsapp.com\/send?phone=34639581053&amp;text=Hola%2C%20tengo%20tu%20informaci%C3%B3n%20de%20WhatsApp%20de%20tu%20web.\" style=\"background-color:#25D366;color:#fff\" target=\"_self\" rel=\"noopener noreferrer\">Chat and WhatsApp<\/a><\/div>\n<\/div>\n<\/div><\/div><\/div>\n<\/div><\/div>\n\n\n\n<div class=\"wp-block-stackable-divider stk-block-divider stk-block stk-a418ab7\" data-block-id=\"a418ab7\"><style>.stk-a418ab7 hr.stk-block-divider__hr{width:100% !important;}<\/style><hr class=\"stk-block-divider__hr\"\/><\/div>\n\n\n\n<p class=\"has-text-align-center\"><strong>After the payment is successfully processed, your booking will be completed and an email with a summary of your purchase will be sent to your email address.<\/strong><\/p>\n\n\n\n<p><\/p>","protected":false},"excerpt":{"rendered":"<p>M\u00e9todos de pago M\u00e9todos de transacci\u00f3n: Contactarnos para una manera mas f\u00e1cil y mas segura de hacer pago de su reserva Despu\u00e9s de que el pago se procese con \u00e9xito, su reserva se completar\u00e1 y se enviar\u00e1 un correo electr\u00f3nico con un resumen de su compra a su direcci\u00f3n de correo electr\u00f3nico.<\/p>","protected":false},"author":1,"featured_media":0,"parent":0,"menu_order":0,"comment_status":"closed","ping_status":"closed","template":"","meta":{"_uag_custom_page_level_css":"","_monsterinsights_skip_tracking":false,"_monsterinsights_sitenote_active":false,"_monsterinsights_sitenote_note":"","_monsterinsights_sitenote_category":0,"footnotes":""},"class_list":["post-3944","page","type-page","status-publish","hentry"],"blocksy_meta":{"vertical_spacing_source":"custom","content_area_spacing":"none","has_hero_section":"disabled","styles_descriptor":{"styles":{"desktop":"","tablet":"","mobile":""},"google_fonts":[],"version":6}},"aioseo_notices":[],"uagb_featured_image_src":{"full":false,"thumbnail":false,"medium":false,"medium_large":false,"large":false,"1536x1536":false,"2048x2048":false,"trp-custom-language-flag":false,"woocommerce_archive_thumbnail":false,"woocommerce_thumbnail":false,"woocommerce_single":false,"woocommerce_gallery_thumbnail":false},"uagb_author_info":{"display_name":"tenerifedreamboats.com","author_link":"https:\/\/tenerifedreamboats.com\/en\/author\/tenerifedreamboats-com\/"},"uagb_comment_info":0,"uagb_excerpt":"M\u00e9todos de pago M\u00e9todos de transacci\u00f3n: Contactarnos para una manera mas f\u00e1cil y mas segura de hacer pago de su reserva Despu\u00e9s de que el pago se procese con \u00e9xito, su reserva se completar\u00e1 y se enviar\u00e1 un correo electr\u00f3nico con un resumen de su compra a su direcci\u00f3n de correo electr\u00f3nico.","jetpack_sharing_enabled":true,"_links":{"self":[{"href":"https:\/\/tenerifedreamboats.com\/en\/wp-json\/wp\/v2\/pages\/3944","targetHints":{"allow":["GET"]}}],"collection":[{"href":"https:\/\/tenerifedreamboats.com\/en\/wp-json\/wp\/v2\/pages"}],"about":[{"href":"https:\/\/tenerifedreamboats.com\/en\/wp-json\/wp\/v2\/types\/page"}],"author":[{"embeddable":true,"href":"https:\/\/tenerifedreamboats.com\/en\/wp-json\/wp\/v2\/users\/1"}],"replies":[{"embeddable":true,"href":"https:\/\/tenerifedreamboats.com\/en\/wp-json\/wp\/v2\/comments?post=3944"}],"version-history":[{"count":12,"href":"https:\/\/tenerifedreamboats.com\/en\/wp-json\/wp\/v2\/pages\/3944\/revisions"}],"predecessor-version":[{"id":3985,"href":"https:\/\/tenerifedreamboats.com\/en\/wp-json\/wp\/v2\/pages\/3944\/revisions\/3985"}],"wp:attachment":[{"href":"https:\/\/tenerifedreamboats.com\/en\/wp-json\/wp\/v2\/media?parent=3944"}],"curies":[{"name":"wp","href":"https:\/\/api.w.org\/{rel}","templated":true}]}}