{"id":3839,"date":"2025-02-13T23:08:45","date_gmt":"2025-02-13T23:08:45","guid":{"rendered":"https:\/\/tenerifedreamboats.com\/?page_id=3839"},"modified":"2025-02-23T10:29:54","modified_gmt":"2025-02-23T10:29:54","slug":"terminos-y-condiciones","status":"publish","type":"page","link":"https:\/\/tenerifedreamboats.com\/en\/terminos-y-condiciones\/","title":{"rendered":"Terms and Conditions"},"content":{"rendered":"<div class=\"wp-block-stackable-columns stk-block-columns stk-block stk-e9f2810\" data-block-id=\"e9f2810\"><div class=\"stk-row stk-inner-blocks stk-block-content stk-content-align stk-e9f2810-column\">\n<div class=\"wp-block-stackable-column stk-block-column stk-column stk-block stk-11f8e5a\" data-v=\"4\" data-block-id=\"11f8e5a\"><div class=\"stk-column-wrapper stk-block-column__content stk-container stk-11f8e5a-container stk--no-background stk--no-padding\"><div class=\"stk-block-content stk-inner-blocks stk-11f8e5a-inner-blocks\">\n<div class=\"wp-block-stackable-columns stk-block-columns stk-block stk-f0e35a0\" data-block-id=\"f0e35a0\"><div class=\"stk-row stk-inner-blocks stk-block-content stk-content-align stk-f0e35a0-column\">\n<div class=\"wp-block-stackable-column stk-block-column stk-column stk-block stk-4836ae0\" data-v=\"4\" data-block-id=\"4836ae0\"><div class=\"stk-column-wrapper stk-block-column__content stk-container stk-4836ae0-container stk--no-background stk--no-padding\"><div class=\"stk-block-content stk-inner-blocks stk-4836ae0-inner-blocks\">\n<div class=\"wp-block-stackable-heading stk-block-heading stk-block-heading--v2 stk-block stk-f20a1cc\" id=\"terminos-y-condiciones\" data-block-id=\"f20a1cc\"><h2 class=\"stk-block-heading__text\">Terms and Conditions<\/h2><\/div>\n<\/div><\/div><\/div>\n<\/div><\/div>\n<\/div><\/div><\/div>\n<\/div><\/div>\n\n\n\n<div class=\"wp-block-stackable-text stk-block-text stk-block stk-2fa50e7\" data-block-id=\"2fa50e7\"><p class=\"stk-block-text__text\">It is not possible to use the contents of this website for the benefit of third parties without the express authorization of TenerifeDreamBoats.com. All contents are protected by the current national and international copyright regulations. Any dispute shall be subject to the jurisdiction and laws of the Spanish courts.<\/p><\/div>\n\n\n\n<p><strong>Responsibility:<\/strong><\/p>\n\n\n\n<ol class=\"wp-block-list\">\n<li>The customer guarantees to be of legal age and to have the legal capacity to contract with TenerifeDreamBoats.com and to accept the obligations set by law for any liability arising from the use of this website.&nbsp;<\/li>\n\n\n\n<li>The client guarantees to be in adequate health conditions for the realization of water activities offered on the website of TenerifeDreamBoats.com, exempting the latter from any liability arising from a medical problem.<\/li>\n<\/ol>\n\n\n\n<p><strong>Personal injury disclaimer<\/strong><\/p>\n\n\n\n<p>Please note that TenerifeDreaBoats.com cannot accept responsibility for illness, injury or death that may occur during the boat trip. By agreeing to our terms, customers acknowledge that TenerifeDreamBoats.com is not liable and has no financial obligation in any of these unfortunate circumstances.<\/p>\n\n\n\n<p><strong>Guarantee of privacy<\/strong><\/p>\n\n\n\n<p>En TenerifeDreamBoat.com, valoramos mucho su privacidad y estamos comprometidos a salvaguardar su informaci\u00f3n personal.<\/p>\n\n\n\n<p><strong>Pricing policy:<\/strong><\/p>\n\n\n\n<ol class=\"wp-block-list\">\n<li>The customer should note that certain service costs may fluctuate in real time, but such changes will always be communicated in advance. For any information related to the reservation, please contact us through the phone number or email support provided.<\/li>\n\n\n\n<li>TenerifeDreamBoats.com prices include I.G.I.C. tax applicable at the time of purchase.<\/li>\n<\/ol>\n\n\n\n<p><strong>Methods of payment:<\/strong><\/p>\n\n\n\n<ol class=\"wp-block-list\">\n<li>PayPal Platform<\/li>\n\n\n\n<li>Bank transfer<\/li>\n\n\n\n<li>Transfer by Bizum<\/li>\n<\/ol>\n\n\n\n<p>After the payment is successfully processed, your order will be completed and an email with a summary of your purchase will be sent to your email address.<\/p>\n\n\n\n<p><strong>Free cancellation and refund policy:<\/strong><\/p>\n\n\n\n<ol class=\"wp-block-list\">\n<li>Customers may cancel their boat or water attraction reservation free of charge within certain time periods.  Each boat or water attraction has its specific cancellation conditions. To cancel a reservation, please contact us by email at info@tenerifedreamboats.com or by phone at +34639581053, providing the reservation number and contact details used during the booking.<\/li>\n\n\n\n<li>Failure to appear without prior notice with justified reasons at the start time of the contracted aquatic activity, the cost of the service paid is non-refundable.<\/li>\n\n\n\n<li>In case of drunkenness or under narcotic substances of the clients, the company is not responsible. These clients will not be allowed to board and will not be entitled to a refund.&nbsp;<\/li>\n<\/ol>\n\n\n\n<p><strong>Weather-related cancellations:<\/strong><\/p>\n\n\n\n<ol class=\"wp-block-list\">\n<li>For changes due to bad weather conditions, we will proceed to change the date and time of the activity. except in exceptional cases, we will proceed to the total refund or voucher for later use.<\/li>\n\n\n\n<li>Any personal incident or weather change in the 24 hours prior to the departure of the activity must be justified by the client or by the company.&nbsp;<\/li>\n<\/ol>\n\n\n\n<p><\/p>","protected":false},"excerpt":{"rendered":"<p>T\u00e9rminos y condiciones No es posible la utilizaci\u00f3n de los contenidos presentes en esta web a beneficio de terceros sin la autorizaci\u00f3n expresa de TenerifeDreamBoats.com. Todos los contenidos est\u00e1n protegidos por las vigentes normativas sobre copyright nacionales e internacionales. Cualquier controversia estar\u00e1 sujeta a la jurisdicci\u00f3n y a las leyes de los tribunales espa\u00f1oles. Responsabilidad: [&hellip;]<\/p>","protected":false},"author":1,"featured_media":0,"parent":0,"menu_order":0,"comment_status":"closed","ping_status":"closed","template":"","meta":{"_uag_custom_page_level_css":"","_monsterinsights_skip_tracking":false,"_monsterinsights_sitenote_active":false,"_monsterinsights_sitenote_note":"","_monsterinsights_sitenote_category":0,"footnotes":""},"class_list":["post-3839","page","type-page","status-publish","hentry"],"blocksy_meta":{"vertical_spacing_source":"custom","content_area_spacing":"none","has_hero_section":"disabled","styles_descriptor":{"styles":{"desktop":"","tablet":"","mobile":""},"google_fonts":[],"version":6}},"aioseo_notices":[],"uagb_featured_image_src":{"full":false,"thumbnail":false,"medium":false,"medium_large":false,"large":false,"1536x1536":false,"2048x2048":false,"trp-custom-language-flag":false,"woocommerce_archive_thumbnail":false,"woocommerce_thumbnail":false,"woocommerce_single":false,"woocommerce_gallery_thumbnail":false},"uagb_author_info":{"display_name":"tenerifedreamboats.com","author_link":"https:\/\/tenerifedreamboats.com\/en\/author\/tenerifedreamboats-com\/"},"uagb_comment_info":0,"uagb_excerpt":"T\u00e9rminos y condiciones No es posible la utilizaci\u00f3n de los contenidos presentes en esta web a beneficio de terceros sin la autorizaci\u00f3n expresa de TenerifeDreamBoats.com. Todos los contenidos est\u00e1n protegidos por las vigentes normativas sobre copyright nacionales e internacionales. Cualquier controversia estar\u00e1 sujeta a la jurisdicci\u00f3n y a las leyes de los tribunales espa\u00f1oles. Responsabilidad:&hellip;","jetpack_sharing_enabled":true,"_links":{"self":[{"href":"https:\/\/tenerifedreamboats.com\/en\/wp-json\/wp\/v2\/pages\/3839","targetHints":{"allow":["GET"]}}],"collection":[{"href":"https:\/\/tenerifedreamboats.com\/en\/wp-json\/wp\/v2\/pages"}],"about":[{"href":"https:\/\/tenerifedreamboats.com\/en\/wp-json\/wp\/v2\/types\/page"}],"author":[{"embeddable":true,"href":"https:\/\/tenerifedreamboats.com\/en\/wp-json\/wp\/v2\/users\/1"}],"replies":[{"embeddable":true,"href":"https:\/\/tenerifedreamboats.com\/en\/wp-json\/wp\/v2\/comments?post=3839"}],"version-history":[{"count":6,"href":"https:\/\/tenerifedreamboats.com\/en\/wp-json\/wp\/v2\/pages\/3839\/revisions"}],"predecessor-version":[{"id":3949,"href":"https:\/\/tenerifedreamboats.com\/en\/wp-json\/wp\/v2\/pages\/3839\/revisions\/3949"}],"wp:attachment":[{"href":"https:\/\/tenerifedreamboats.com\/en\/wp-json\/wp\/v2\/media?parent=3839"}],"curies":[{"name":"wp","href":"https:\/\/api.w.org\/{rel}","templated":true}]}}